{"id":471,"date":"2025-04-08T04:54:34","date_gmt":"2025-04-08T04:54:34","guid":{"rendered":"https:\/\/www.drfilizgultekin.com\/?page_id=471"},"modified":"2025-05-27T15:15:47","modified_gmt":"2025-05-27T15:15:47","slug":"kvkk-aydinlatma-metni","status":"publish","type":"page","link":"https:\/\/www.drfilizgultekin.com\/de\/kvkk-aydinlatma-metni\/","title":{"rendered":"KVKK-Informationstext"},"content":{"rendered":"<style>.elementor-471 .elementor-element.elementor-element-2f5618e4{--display:flex;--flex-direction:row;--container-widget-width:calc( ( 1 - var( --container-widget-flex-grow ) ) * 100% );--container-widget-height:100%;--container-widget-flex-grow:1;--container-widget-align-self:stretch;--flex-wrap-mobile:wrap;--align-items:stretch;--gap:0px 0px;--row-gap:0px;--column-gap:0px;--overflow:hidden;--overlay-opacity:0.5;--margin-top:0px;--margin-bottom:0px;--margin-left:0px;--margin-right:0px;--padding-top:250px;--padding-bottom:180px;--padding-left:0px;--padding-right:0px;--z-index:1;}.elementor-471 .elementor-element.elementor-element-2f5618e4:not(.elementor-motion-effects-element-type-background), .elementor-471 .elementor-element.elementor-element-2f5618e4 > .elementor-motion-effects-container > .elementor-motion-effects-layer{background-color:#232323;}.elementor-471 .elementor-element.elementor-element-2f5618e4::before, .elementor-471 .elementor-element.elementor-element-2f5618e4 > .elementor-background-video-container::before, .elementor-471 .elementor-element.elementor-element-2f5618e4 > .e-con-inner > .elementor-background-video-container::before, .elementor-471 .elementor-element.elementor-element-2f5618e4 > .elementor-background-slideshow::before, .elementor-471 .elementor-element.elementor-element-2f5618e4 > .e-con-inner > .elementor-background-slideshow::before, .elementor-471 .elementor-element.elementor-element-2f5618e4 > .elementor-motion-effects-container > .elementor-motion-effects-layer::before{background-image:url(\"https:\/\/www.drfilizgultekin.com\/wp-content\/uploads\/2025\/04\/1.png\");--background-overlay:'';background-position:center center;background-repeat:no-repeat;background-size:cover;}.elementor-471 .elementor-element.elementor-element-3a5af29e{--display:flex;--overlay-opacity:0.34;--margin-top:0px;--margin-bottom:0px;--margin-left:0px;--margin-right:0px;--padding-top:0px;--padding-bottom:0px;--padding-left:0px;--padding-right:0px;}.elementor-471 .elementor-element.elementor-element-3a5af29e::before, .elementor-471 .elementor-element.elementor-element-3a5af29e > .elementor-background-video-container::before, .elementor-471 .elementor-element.elementor-element-3a5af29e > .e-con-inner > .elementor-background-video-container::before, .elementor-471 .elementor-element.elementor-element-3a5af29e > .elementor-background-slideshow::before, .elementor-471 .elementor-element.elementor-element-3a5af29e > .e-con-inner > .elementor-background-slideshow::before, .elementor-471 .elementor-element.elementor-element-3a5af29e > .elementor-motion-effects-container > .elementor-motion-effects-layer::before{--background-overlay:'';}.elementor-471 .elementor-element.elementor-element-e86d9d6{--display:flex;--flex-direction:row;--container-widget-width:calc( ( 1 - var( --container-widget-flex-grow ) ) * 100% );--container-widget-height:100%;--container-widget-flex-grow:1;--container-widget-align-self:stretch;--flex-wrap-mobile:wrap;--align-items:stretch;--gap:0px 0px;--row-gap:0px;--column-gap:0px;}.elementor-471 .elementor-element.elementor-element-53049d2{--display:flex;--justify-content:center;--margin-top:0px;--margin-bottom:0px;--margin-left:0px;--margin-right:0px;--padding-top:0px;--padding-bottom:15px;--padding-left:0px;--padding-right:0px;}.elementor-471 .elementor-element.elementor-element-3c74f5a6 .jeg-elementor-kit.jkit-post-title{text-align:center;}.elementor-471 .elementor-element.elementor-element-3c74f5a6 .jeg-elementor-kit.jkit-post-title .post-title, .elementor-471 .elementor-element.elementor-element-3c74f5a6 .jeg-elementor-kit.jkit-post-title .post-title a{font-family:var( --e-global-typography-b1bdc87-font-family ), Sans-serif;font-size:var( --e-global-typography-b1bdc87-font-size );font-weight:var( --e-global-typography-b1bdc87-font-weight );text-decoration:var( --e-global-typography-b1bdc87-text-decoration );line-height:var( --e-global-typography-b1bdc87-line-height );}.elementor-471 .elementor-element.elementor-element-3c74f5a6 .jeg-elementor-kit.jkit-post-title .post-title.style-color, .elementor-471 .elementor-element.elementor-element-3c74f5a6 .jeg-elementor-kit.jkit-post-title .post-title.style-color a{color:var( --e-global-color-0e6226b );}.elementor-471 .elementor-element.elementor-element-3c74f5a6 .jeg-elementor-kit.jkit-post-title:hover .post-title.style-color, .elementor-471 .elementor-element.elementor-element-3c74f5a6 .jeg-elementor-kit.jkit-post-title:hover .post-title.style-color a{color:var( --e-global-color-0e6226b );}.elementor-471 .elementor-element.elementor-element-2e50c466.elementor-element{--align-self:center;}.elementor-471 .elementor-element.elementor-element-fab3ab2{--display:flex;--flex-direction:column;--container-widget-width:100%;--container-widget-height:initial;--container-widget-flex-grow:0;--container-widget-align-self:initial;--flex-wrap-mobile:wrap;}@media(max-width:1366px){.elementor-471 .elementor-element.elementor-element-2f5618e4{--padding-top:150px;--padding-bottom:100px;--padding-left:0px;--padding-right:0px;}.elementor-471 .elementor-element.elementor-element-3a5af29e{--margin-top:0px;--margin-bottom:0px;--margin-left:0px;--margin-right:0px;--padding-top:30px;--padding-bottom:0px;--padding-left:0px;--padding-right:0px;}.elementor-471 .elementor-element.elementor-element-e86d9d6{--margin-top:0px;--margin-bottom:0px;--margin-left:0px;--margin-right:0px;--padding-top:0px;--padding-bottom:0px;--padding-left:15px;--padding-right:15px;}.elementor-471 .elementor-element.elementor-element-53049d2{--margin-top:0px;--margin-bottom:0px;--margin-left:10px;--margin-right:0px;}.elementor-471 .elementor-element.elementor-element-3c74f5a6 > .elementor-widget-container{padding:65px 0px 0px 0px;}.elementor-471 .elementor-element.elementor-element-3c74f5a6 .jeg-elementor-kit.jkit-post-title .post-title, .elementor-471 .elementor-element.elementor-element-3c74f5a6 .jeg-elementor-kit.jkit-post-title .post-title a{font-size:var( --e-global-typography-b1bdc87-font-size );line-height:var( --e-global-typography-b1bdc87-line-height );}}@media(max-width:1024px){.elementor-471 .elementor-element.elementor-element-2f5618e4{--padding-top:60px;--padding-bottom:60px;--padding-left:0px;--padding-right:0px;}.elementor-471 .elementor-element.elementor-element-e86d9d6{--margin-top:0px;--margin-bottom:0px;--margin-left:0px;--margin-right:0px;--padding-top:80px;--padding-bottom:30px;--padding-left:0px;--padding-right:0px;}.elementor-471 .elementor-element.elementor-element-53049d2{--margin-top:0px;--margin-bottom:0px;--margin-left:0px;--margin-right:0px;--padding-top:0px;--padding-bottom:0px;--padding-left:15px;--padding-right:15px;}.elementor-471 .elementor-element.elementor-element-3c74f5a6 > .elementor-widget-container{padding:40px 0px 0px 0px;}.elementor-471 .elementor-element.elementor-element-3c74f5a6 .jeg-elementor-kit.jkit-post-title .post-title, .elementor-471 .elementor-element.elementor-element-3c74f5a6 .jeg-elementor-kit.jkit-post-title .post-title a{font-size:var( --e-global-typography-b1bdc87-font-size );line-height:var( --e-global-typography-b1bdc87-line-height );}.elementor-471 .elementor-element.elementor-element-3c74f5a6 .jeg-elementor-kit.jkit-post-title .post-title.style-color, .elementor-471 .elementor-element.elementor-element-3c74f5a6 .jeg-elementor-kit.jkit-post-title .post-title.style-color a{color:var( --e-global-color-text );}}@media(max-width:767px){.elementor-471 .elementor-element.elementor-element-2f5618e4{--padding-top:80px;--padding-bottom:10px;--padding-left:0px;--padding-right:0px;}.elementor-471 .elementor-element.elementor-element-e86d9d6{--padding-top:80px;--padding-bottom:15px;--padding-left:0px;--padding-right:0px;}.elementor-471 .elementor-element.elementor-element-53049d2{--margin-top:0px;--margin-bottom:0px;--margin-left:0px;--margin-right:0px;--padding-top:0px;--padding-bottom:0px;--padding-left:15px;--padding-right:15px;}.elementor-471 .elementor-element.elementor-element-3c74f5a6 > .elementor-widget-container{padding:0px 0px 0px 0px;}.elementor-471 .elementor-element.elementor-element-3c74f5a6 .jeg-elementor-kit.jkit-post-title .post-title, .elementor-471 .elementor-element.elementor-element-3c74f5a6 .jeg-elementor-kit.jkit-post-title .post-title a{font-size:var( --e-global-typography-b1bdc87-font-size );line-height:var( --e-global-typography-b1bdc87-line-height );}}<\/style>\t\t<div data-elementor-type=\"wp-page\" data-elementor-id=\"471\" class=\"elementor elementor-471\" data-elementor-post-type=\"page\">\n\t\t\t\t<div class=\"elementor-element elementor-element-2f5618e4 e-flex e-con-boxed e-con e-parent\" data-id=\"2f5618e4\" data-element_type=\"container\" data-settings=\"{&quot;background_background&quot;:&quot;classic&quot;}\">\n\t\t\t\t\t<div class=\"e-con-inner\">\n\t\t<div class=\"elementor-element elementor-element-3a5af29e e-con-full e-flex e-con e-child\" data-id=\"3a5af29e\" data-element_type=\"container\" data-settings=\"{&quot;background_background&quot;:&quot;classic&quot;}\">\n\t\t<div class=\"elementor-element elementor-element-e86d9d6 e-con-full e-flex e-con e-child\" data-id=\"e86d9d6\" data-element_type=\"container\">\n\t\t<div class=\"elementor-element elementor-element-53049d2 e-con-full e-flex e-con e-child\" data-id=\"53049d2\" data-element_type=\"container\" data-settings=\"{&quot;background_background&quot;:&quot;classic&quot;}\">\n\t\t\t\t<div class=\"elementor-element elementor-element-3c74f5a6 elementor-widget elementor-widget-jkit_post_title\" data-id=\"3c74f5a6\" data-element_type=\"widget\" data-widget_type=\"jkit_post_title.default\">\n\t\t\t\t<div class=\"elementor-widget-container\">\n\t\t\t\t\t<div  class=\"jeg-elementor-kit jkit-post-title jeg_module___69f5fefca7bdb\" ><h2 class=\"post-title style-color\">KVKK-Informationstext<\/h2><\/div>\t\t\t\t<\/div>\n\t\t\t\t<\/div>\n\t\t\t\t<div class=\"elementor-element elementor-element-2e50c466 elementor-widget elementor-widget-shortcode\" data-id=\"2e50c466\" data-element_type=\"widget\" data-widget_type=\"shortcode.default\">\n\t\t\t\t<div class=\"elementor-widget-container\">\n\t\t\t\t\t\t\t<div class=\"elementor-shortcode\"><nav aria-label=\"Paniermehl\" class=\"rank-math-breadcrumb\"><p><span class=\"last\">Startseite<\/span><\/p><\/nav><\/div>\n\t\t\t\t\t\t<\/div>\n\t\t\t\t<\/div>\n\t\t\t\t<\/div>\n\t\t\t\t<\/div>\n\t\t\t\t<\/div>\n\t\t\t\t\t<\/div>\n\t\t\t\t<\/div>\n\t\t<div class=\"elementor-element elementor-element-fab3ab2 e-flex e-con-boxed e-con e-parent\" data-id=\"fab3ab2\" data-element_type=\"container\">\n\t\t\t\t\t<div class=\"e-con-inner\">\n\t\t\t\t<div class=\"elementor-element elementor-element-c1906d4 elementor-widget elementor-widget-text-editor\" data-id=\"c1906d4\" data-element_type=\"widget\" data-widget_type=\"text-editor.default\">\n\t\t\t\t<div class=\"elementor-widget-container\">\n\t\t\t\t\t\t\t\t\t<p class=\"\" data-start=\"618\" data-end=\"699\"><strong data-start=\"618\" data-end=\"699\">Informationstext zum Schutz personenbezogener Daten der Klinik Dr. Filiz G\u00fcltekin<\/strong><\/p><p class=\"\" data-start=\"701\" data-end=\"732\"><strong data-start=\"701\" data-end=\"732\">1. Informationen zum Datenverantwortlichen<\/strong><\/p><p class=\"\" data-start=\"734\" data-end=\"921\">Gem\u00e4\u00df dem Gesetz zum Schutz personenbezogener Daten Nr. 6698 (\u201eKVKK\u201c) werden Ihre personenbezogenen Daten; als Datenverantwortlicher <strong data-start=\"843\" data-end=\"865\">Dr. Filiz Gultekin<\/strong> k\u00f6nnen im nachfolgend erl\u00e4uterten Umfang verarbeitet werden.<\/p><p class=\"\" data-start=\"923\" data-end=\"1057\"><strong data-start=\"923\" data-end=\"942\">Verantwortlicher:<\/strong><br data-start=\"942\" data-end=\"945\" \/>Dr. Filiz Gultekin<br data-start=\"963\" data-end=\"966\" \/>Adresse: Fenerbah\u00e7e, Ba\u011fdat Cad. Selcan Apt No: 208 Etage: 3 Wohnung: 5, 34764 Kad\u0131k\u00f6y\/\u0130stanbul, T\u00fcrkiye<br data-start=\"992\" data-end=\"995\" \/>Telefon: +90 532 405 21 52<br data-start=\"1021\" data-end=\"1024\" \/>E-Mail: <a rel=\"noopener\" data-start=\"1033\" data-end=\"1057\">info@drfilizgultekin.com<\/a><\/p><p class=\"\" data-start=\"1064\" data-end=\"1102\"><strong data-start=\"1064\" data-end=\"1102\">2. Zweck der Verarbeitung personenbezogener Daten<\/strong><\/p><p class=\"\" data-start=\"1104\" data-end=\"1135\">Ihre erhobenen personenbezogenen Daten;<\/p><ul data-start=\"1136\" data-end=\"1465\"><li class=\"\" data-start=\"1136\" data-end=\"1169\"><p class=\"\" data-start=\"1138\" data-end=\"1169\">Bereitstellung von Gesundheitsdienstleistungen,<\/p><\/li><li class=\"\" data-start=\"1170\" data-end=\"1212\"><p class=\"\" data-start=\"1172\" data-end=\"1212\">Durchf\u00fchrung von Berufungsverfahren,<\/p><\/li><li class=\"\" data-start=\"1213\" data-end=\"1249\"><p class=\"\" data-start=\"1215\" data-end=\"1249\">Management von Kommunikationsprozessen,<\/p><\/li><li class=\"\" data-start=\"1250\" data-end=\"1304\"><p class=\"\" data-start=\"1252\" data-end=\"1304\">Bereitstellung von Informationen \u00fcber Gesundheitsdienste,<\/p><\/li><li class=\"\" data-start=\"1305\" data-end=\"1465\"><p class=\"\" data-start=\"1307\" data-end=\"1465\">Zur Erf\u00fcllung gesetzlicher Verpflichtungen werden personenbezogene Daten gem\u00e4\u00df den in den Artikeln 5 und 6 des KVKK festgelegten Bedingungen und Zwecken der Verarbeitung verarbeitet.<\/p><\/li><\/ul><p class=\"\" data-start=\"1472\" data-end=\"1502\"><strong data-start=\"1472\" data-end=\"1502\">3. Verarbeitete personenbezogene Daten<\/strong><\/p><ul data-start=\"1504\" data-end=\"1728\"><li class=\"\" data-start=\"1504\" data-end=\"1534\"><p class=\"\" data-start=\"1506\" data-end=\"1534\">Identit\u00e4tsinformationen (Name, Nachname)<\/p><\/li><li class=\"\" data-start=\"1535\" data-end=\"1590\"><p class=\"\" data-start=\"1537\" data-end=\"1590\">Kontaktinformationen (Telefonnummer, E-Mail-Adresse)<\/p><\/li><li class=\"\" data-start=\"1591\" data-end=\"1610\"><p class=\"\" data-start=\"1593\" data-end=\"1610\">Termininformationen<\/p><\/li><li class=\"\" data-start=\"1611\" data-end=\"1728\"><p class=\"\" data-start=\"1613\" data-end=\"1728\">Gesundheitsdaten (werden als Sonderdaten nur zum Zwecke der Erbringung von Gesundheitsdienstleistungen verarbeitet, gem\u00e4\u00df Artikel 6 des KVKK)<\/p><\/li><\/ul><p class=\"\" data-start=\"1735\" data-end=\"1776\"><strong data-start=\"1735\" data-end=\"1776\">4. Methode zur Erhebung personenbezogener Daten<\/strong><\/p><p class=\"\" data-start=\"1778\" data-end=\"1967\">Die Erhebung Ihrer personenbezogenen Daten erfolgt \u00fcber die Kontaktformulare auf unserer Website, per E-Mail, Telefon, WhatsApp und \u00fcber andere digitale Kan\u00e4le mit Ihrem Wissen und Ihrer Einwilligung.<\/p><p class=\"\" data-start=\"1974\" data-end=\"2010\"><strong data-start=\"1974\" data-end=\"2010\">5. Weitergabe personenbezogener Daten<\/strong><\/p><p class=\"\" data-start=\"2012\" data-end=\"2042\">Ihre personenbezogenen Daten werden ausschlie\u00dflich f\u00fcr folgende Zwecke verwendet:<\/p><ul data-start=\"2043\" data-end=\"2323\"><li class=\"\" data-start=\"2043\" data-end=\"2105\"><p class=\"\" data-start=\"2045\" data-end=\"2105\">Befugte \u00f6ffentliche Einrichtungen und Organisationen im Rahmen der einschl\u00e4gigen Gesetzgebung,<\/p><\/li><li class=\"\" data-start=\"2106\" data-end=\"2150\"><p class=\"\" data-start=\"2108\" data-end=\"2150\">Im Falle einer gesetzlichen Verpflichtung, beh\u00f6rdlicherseits,<\/p><\/li><li class=\"\" data-start=\"2151\" data-end=\"2323\"><p class=\"\" data-start=\"2153\" data-end=\"2323\">Die Weitergabe kann im Rahmen der in den Artikeln 8 und 9 des KVKK festgelegten Bedingungen und Zwecke der Verarbeitung personenbezogener Daten erfolgen, beschr\u00e4nkt auf unsere Gesch\u00e4ftspartner, die Dienstleister sind.<\/p><\/li><\/ul><p class=\"\" data-start=\"2330\" data-end=\"2367\"><strong data-start=\"2330\" data-end=\"2367\">6. Rechte des Inhabers personenbezogener Daten<\/strong><\/p><p class=\"\" data-start=\"2369\" data-end=\"2459\">Gem\u00e4\u00df Artikel 11 des KVKK haben Sie als Inhaber personenbezogener Daten folgende Rechte:<\/p><ul data-start=\"2460\" data-end=\"3138\"><li class=\"\" data-start=\"2460\" data-end=\"2514\"><p class=\"\" data-start=\"2462\" data-end=\"2514\">Um zu erfahren, ob Ihre personenbezogenen Daten verarbeitet werden,<\/p><\/li><li class=\"\" data-start=\"2515\" data-end=\"2558\"><p class=\"\" data-start=\"2517\" data-end=\"2558\">Auskunft dar\u00fcber zu verlangen, ob eine Verarbeitung stattgefunden hat,<\/p><\/li><li class=\"\" data-start=\"2559\" data-end=\"2630\"><p class=\"\" data-start=\"2561\" data-end=\"2630\">den Zweck der Verarbeitung und die zweckgem\u00e4\u00dfe Nutzung zu erfahren,<\/p><\/li><li class=\"\" data-start=\"2631\" data-end=\"2705\"><p class=\"\" data-start=\"2633\" data-end=\"2705\">Kenntnis der Drittparteien, an die Daten im In- und Ausland \u00fcbermittelt werden,<\/p><\/li><li class=\"\" data-start=\"2706\" data-end=\"2759\"><p class=\"\" data-start=\"2708\" data-end=\"2759\">Berichtigung verlangen, wenn die Daten unvollst\u00e4ndig oder fehlerhaft verarbeitet wurden,<\/p><\/li><li class=\"\" data-start=\"2760\" data-end=\"2842\"><p class=\"\" data-start=\"2762\" data-end=\"2842\">L\u00f6schung oder Vernichtung im Rahmen der gesetzlich vorgesehenen Voraussetzungen zu verlangen,<\/p><\/li><li class=\"\" data-start=\"2843\" data-end=\"2895\"><p class=\"\" data-start=\"2845\" data-end=\"2895\">Aufforderung zur Benachrichtigung der Dritten, an die die Daten \u00fcbermittelt wurden,<\/p><\/li><li class=\"\" data-start=\"2896\" data-end=\"3036\"><p class=\"\" data-start=\"2898\" data-end=\"3036\">Einspruch gegen die Entstehung eines Ergebnisses gegen Sie einzulegen, indem die verarbeiteten Daten ausschlie\u00dflich durch automatisierte Systeme analysiert werden,<\/p><\/li><li class=\"\" data-start=\"3037\" data-end=\"3138\"><p class=\"\" data-start=\"3039\" data-end=\"3138\">Schadensersatz zu verlangen, wenn Ihnen durch eine unrechtm\u00e4\u00dfige Verarbeitung ein Schaden entsteht.<\/p><\/li><\/ul><p class=\"\" data-start=\"3145\" data-end=\"3170\"><strong data-start=\"3145\" data-end=\"3170\">7. Bewerbungsmethoden<\/strong><\/p><p class=\"\" data-start=\"3172\" data-end=\"3274\">Um Ihre oben genannten Rechte auszu\u00fcben, k\u00f6nnen Sie Ihre Bewerbungen auf folgende Weise einreichen:<\/p><ul data-start=\"3276\" data-end=\"3358\"><li class=\"\" data-start=\"3276\" data-end=\"3322\"><p class=\"\" data-start=\"3278\" data-end=\"3322\">Schriftliche Bewerbung: Fenerbah\u00e7e, Ba\u011fdat Cad. Selcan Apt No: 208 Etage: 3 Wohnung: 5, 34764 Kad\u0131k\u00f6y\/\u0130stanbul, T\u00fcrkei<\/p><\/li><li class=\"\" data-start=\"3323\" data-end=\"3358\"><p class=\"\" data-start=\"3325\" data-end=\"3358\">E-Mail: <a rel=\"noopener\" data-start=\"3334\" data-end=\"3358\">info@drfilizgultekin.com<\/a><\/p><\/li><\/ul><p class=\"\" data-start=\"3360\" data-end=\"3458\">Ihre Bewerbungen werden schnellstm\u00f6glich, sp\u00e4testens jedoch innerhalb von 30 (drei\u00dfig) Tagen, kostenlos bearbeitet.<\/p><p class=\"\" data-start=\"3465\" data-end=\"3502\"><strong data-start=\"3465\" data-end=\"3502\">8. \u00c4nderungen und Aktualisierungen<\/strong><\/p><p class=\"\" data-start=\"3504\" data-end=\"3638\">Dieser Offenlegungstext kann aktualisiert werden, um den geltenden Gesetzen zu entsprechen. Sie k\u00f6nnen die Aktualisierungen auf unserer Website verfolgen.<\/p>\t\t\t\t\t\t\t\t<\/div>\n\t\t\t\t<\/div>\n\t\t\t\t\t<\/div>\n\t\t\t\t<\/div>\n\t\t\t\t<\/div>","protected":false},"excerpt":{"rendered":"<p>KVKK Ayd\u0131nlatma Metni Dr. Filiz G\u00fcltekin Muayenehanesi Ki\u015fisel Verilerin Korunmas\u0131 Ayd\u0131nlatma Metni 1. Veri Sorumlusu Bilgileri 6698 say\u0131l\u0131 Ki\u015fisel Verilerin Korunmas\u0131 Kanunu (&#8220;KVKK&#8221;) uyar\u0131nca, ki\u015fisel verileriniz; veri sorumlusu olarak Dr. Filiz G\u00fcltekin taraf\u0131ndan a\u015fa\u011f\u0131da a\u00e7\u0131klanan kapsamda i\u015flenebilecektir. Veri Sorumlusu:Dr. Filiz G\u00fcltekinAdres: Fenerbah\u00e7e, Ba\u011fdat Cad. Selcan Apt No:208 Kat:3 Daire:5, 34764 Kad\u0131k\u00f6y\/\u0130stanbul, T\u00fcrkiyeTelefon: +90 532 405 [&hellip;]<\/p>","protected":false},"author":1,"featured_media":0,"parent":0,"menu_order":0,"comment_status":"closed","ping_status":"closed","template":"elementor_header_footer","meta":{"_joinchat":[],"footnotes":""},"class_list":["post-471","page","type-page","status-publish","hentry"],"_links":{"self":[{"href":"https:\/\/www.drfilizgultekin.com\/de\/wp-json\/wp\/v2\/pages\/471","targetHints":{"allow":["GET"]}}],"collection":[{"href":"https:\/\/www.drfilizgultekin.com\/de\/wp-json\/wp\/v2\/pages"}],"about":[{"href":"https:\/\/www.drfilizgultekin.com\/de\/wp-json\/wp\/v2\/types\/page"}],"author":[{"embeddable":true,"href":"https:\/\/www.drfilizgultekin.com\/de\/wp-json\/wp\/v2\/users\/1"}],"replies":[{"embeddable":true,"href":"https:\/\/www.drfilizgultekin.com\/de\/wp-json\/wp\/v2\/comments?post=471"}],"version-history":[{"count":0,"href":"https:\/\/www.drfilizgultekin.com\/de\/wp-json\/wp\/v2\/pages\/471\/revisions"}],"wp:attachment":[{"href":"https:\/\/www.drfilizgultekin.com\/de\/wp-json\/wp\/v2\/media?parent=471"}],"curies":[{"name":"wp","href":"https:\/\/api.w.org\/{rel}","templated":true}]}}